{"id":2771,"date":"2023-05-15T21:19:16","date_gmt":"2023-05-15T19:19:16","guid":{"rendered":"https:\/\/reimersholmehotel.se\/?page_id=2771"},"modified":"2026-05-04T14:55:00","modified_gmt":"2026-05-04T12:55:00","slug":"restaurang","status":"publish","type":"page","link":"https:\/\/reimersholmehotel.se\/en\/restaurang\/","title":{"rendered":"RESTAURANT"},"content":{"rendered":"<div class=\"wp-block-image\">\n<figure class=\"aligncenter size-full is-resized\"><img loading=\"lazy\" decoding=\"async\" width=\"1024\" height=\"683\" src=\"https:\/\/reimersholmehotel.se\/wp-content\/uploads\/2025\/09\/matbaren-1-edited.gif\" alt=\"\" class=\"wp-image-5399\" style=\"aspect-ratio:1.4992906328938718;width:529px;height:auto\"\/><\/figure>\n<\/div>\n\n\n<div class=\"wp-block-group is-vertical is-content-justification-center is-layout-flex wp-container-core-group-is-layout-4b2eccd6 wp-block-group-is-layout-flex\">\n<div class=\"wp-block-columns is-layout-flex wp-container-core-columns-is-layout-9d6595d7 wp-block-columns-is-layout-flex\">\n<div class=\"wp-block-column is-layout-flow wp-block-column-is-layout-flow\">\n<div class=\"wp-block-buttons is-layout-flex wp-block-buttons-is-layout-flex\">\n<div class=\"wp-block-button\"><a class=\"wp-block-button__link has-small-font-size has-custom-font-size wp-element-button\" href=\"https:\/\/reimersholmehotel.se\/wp-content\/uploads\/2026\/02\/MENY-FEB-26.pdf\" style=\"border-top-left-radius:38px;border-top-right-radius:38px;border-bottom-left-radius:38px;border-bottom-right-radius:38px\" target=\"_blank\" rel=\"noreferrer noopener\"><strong><em>Menu<\/em><\/strong><\/a><\/div>\n<\/div>\n<\/div>\n\n\n\n<div class=\"wp-block-column is-layout-flow wp-block-column-is-layout-flow\">\n<button data-hash=\"a007713af7654c8f38e7a4a0a65ee32c\" class=\"waiteraid-widget invert\">Book table<\/button>\n<\/div>\n<\/div>\n<\/div>\n\n\n\n<div style=\"height:20px\" aria-hidden=\"true\" class=\"wp-block-spacer\"><\/div>\n\n\n\n<h1 class=\"wp-block-heading has-text-align-center\">Opening hours<\/h1>\n\n\n\n<h2 class=\"wp-block-heading has-text-align-center\">Restaurant<\/h2>\n\n\n\n<p class=\"has-text-align-center\">Wed-Sat 17-22<br>Sun-Tues 17-20 (April)<\/p>\n\n\n\n<h2 class=\"wp-block-heading has-text-align-center\">Outdoor kitchen<\/h2>\n\n\n\n<p class=\"has-text-align-center\">Summertime Mon-Sun 16:00-00 <br>But you are always welcome to sit outdoors when it&#8217;s sunny and warm enough.<\/p>\n\n\n\n<h2 class=\"wp-block-heading has-text-align-center\">Absinth bar<\/h2>\n\n\n\n<p class=\"has-text-align-center\">Tue-Sat from 16\u00b0<\/p>\n\n\n\n<p><\/p>\n","protected":false},"excerpt":{"rendered":"<p>Book table Opening hours Restaurant Wed-Sat 17-22Sun-Tues 17-20 (April) Outdoor kitchen Summertime Mon-Sun 16:00-00 But you are always welcome to sit outdoors when it&#8217;s sunny and warm enough. Absinth bar Tue-Sat from 16\u00b0<\/p>\n","protected":false},"author":1,"featured_media":1765,"parent":0,"menu_order":0,"comment_status":"closed","ping_status":"closed","template":"template-popup-page.php","meta":{"_acf_changed":false,"footnotes":""},"class_list":["post-2771","page","type-page","status-publish","has-post-thumbnail","hentry"],"acf":[],"yoast_head":"<!-- This site is optimized with the Yoast SEO plugin v27.5 - https:\/\/yoast.com\/product\/yoast-seo-wordpress\/ -->\n<title>RESTAURANT - Reimersholme Hotel<\/title>\n<meta name=\"description\" content=\"Reimersholme Hotel Restaurang i Stockholm bjuder p\u00e5 en avslappnad och livlig atmosf\u00e4r med levande ljus och varm st\u00e4mning. Menyn inneh\u00e5ller klassiker som risotto, moules frites, fisk och hantverkskorv med potatismos, samt veckans r\u00e4tt och fr\u00e4scha sallader. Ekologiskt vinsortiment.\" \/>\n<meta name=\"robots\" content=\"index, follow, max-snippet:-1, max-image-preview:large, max-video-preview:-1\" \/>\n<link rel=\"canonical\" href=\"https:\/\/reimersholmehotel.se\/en\/restaurang\/\" \/>\n<meta property=\"og:locale\" content=\"en_US\" \/>\n<meta property=\"og:type\" content=\"article\" \/>\n<meta property=\"og:title\" content=\"RESTAURANT - Reimersholme Hotel\" \/>\n<meta property=\"og:description\" content=\"Reimersholme Hotel Restaurang i Stockholm bjuder p\u00e5 en avslappnad och livlig atmosf\u00e4r med levande ljus och varm st\u00e4mning. Menyn inneh\u00e5ller klassiker som risotto, moules frites, fisk och hantverkskorv med potatismos, samt veckans r\u00e4tt och fr\u00e4scha sallader. Ekologiskt vinsortiment.\" \/>\n<meta property=\"og:url\" content=\"https:\/\/reimersholmehotel.se\/en\/restaurang\/\" \/>\n<meta property=\"og:site_name\" content=\"Reimersholme Hotel\" \/>\n<meta property=\"article:publisher\" content=\"https:\/\/www.facebook.com\/Reimersholmehotel\" \/>\n<meta property=\"article:modified_time\" content=\"2026-05-04T12:55:00+00:00\" \/>\n<meta property=\"og:image\" content=\"https:\/\/reimersholmehotel.se\/wp-content\/uploads\/2023\/08\/reimersholme-hotel-8302-scaled.jpg\" \/>\n\t<meta property=\"og:image:width\" content=\"2560\" \/>\n\t<meta property=\"og:image:height\" content=\"1707\" \/>\n\t<meta property=\"og:image:type\" content=\"image\/jpeg\" \/>\n<meta name=\"twitter:card\" content=\"summary_large_image\" \/>\n<meta name=\"twitter:label1\" content=\"Est. reading time\" \/>\n\t<meta name=\"twitter:data1\" content=\"1 minute\" \/>\n<script type=\"application\/ld+json\" class=\"yoast-schema-graph\">{\"@context\":\"https:\\\/\\\/schema.org\",\"@graph\":[{\"@type\":\"WebPage\",\"@id\":\"https:\\\/\\\/reimersholmehotel.se\\\/en\\\/restaurang\\\/\",\"url\":\"https:\\\/\\\/reimersholmehotel.se\\\/en\\\/restaurang\\\/\",\"name\":\"RESTAURANT - Reimersholme Hotel\",\"isPartOf\":{\"@id\":\"https:\\\/\\\/reimersholmehotel.se\\\/#website\"},\"primaryImageOfPage\":{\"@id\":\"https:\\\/\\\/reimersholmehotel.se\\\/en\\\/restaurang\\\/#primaryimage\"},\"image\":{\"@id\":\"https:\\\/\\\/reimersholmehotel.se\\\/en\\\/restaurang\\\/#primaryimage\"},\"thumbnailUrl\":\"https:\\\/\\\/reimersholmehotel.se\\\/wp-content\\\/uploads\\\/2023\\\/08\\\/reimersholme-hotel-8302-scaled.jpg\",\"datePublished\":\"2023-05-15T19:19:16+00:00\",\"dateModified\":\"2026-05-04T12:55:00+00:00\",\"description\":\"Reimersholme Hotel Restaurang i Stockholm bjuder p\u00e5 en avslappnad och livlig atmosf\u00e4r med levande ljus och varm st\u00e4mning. Menyn inneh\u00e5ller klassiker som risotto, moules frites, fisk och hantverkskorv med potatismos, samt veckans r\u00e4tt och fr\u00e4scha sallader. Ekologiskt vinsortiment.\",\"breadcrumb\":{\"@id\":\"https:\\\/\\\/reimersholmehotel.se\\\/en\\\/restaurang\\\/#breadcrumb\"},\"inLanguage\":\"en-US\",\"potentialAction\":[{\"@type\":\"ReadAction\",\"target\":[\"https:\\\/\\\/reimersholmehotel.se\\\/en\\\/restaurang\\\/\"]}]},{\"@type\":\"ImageObject\",\"inLanguage\":\"en-US\",\"@id\":\"https:\\\/\\\/reimersholmehotel.se\\\/en\\\/restaurang\\\/#primaryimage\",\"url\":\"https:\\\/\\\/reimersholmehotel.se\\\/wp-content\\\/uploads\\\/2023\\\/08\\\/reimersholme-hotel-8302-scaled.jpg\",\"contentUrl\":\"https:\\\/\\\/reimersholmehotel.se\\\/wp-content\\\/uploads\\\/2023\\\/08\\\/reimersholme-hotel-8302-scaled.jpg\",\"width\":2560,\"height\":1707,\"caption\":\"Reimersholme hotel, Stockholm. Sweden.\"},{\"@type\":\"BreadcrumbList\",\"@id\":\"https:\\\/\\\/reimersholmehotel.se\\\/en\\\/restaurang\\\/#breadcrumb\",\"itemListElement\":[{\"@type\":\"ListItem\",\"position\":1,\"name\":\"Hem\",\"item\":\"https:\\\/\\\/reimersholmehotel.se\\\/en\\\/\"},{\"@type\":\"ListItem\",\"position\":2,\"name\":\"RESTAURANT\"}]},{\"@type\":\"WebSite\",\"@id\":\"https:\\\/\\\/reimersholmehotel.se\\\/#website\",\"url\":\"https:\\\/\\\/reimersholmehotel.se\\\/\",\"name\":\"Reimersholme Hotel\",\"description\":\"\",\"publisher\":{\"@id\":\"https:\\\/\\\/reimersholmehotel.se\\\/#organization\"},\"potentialAction\":[{\"@type\":\"SearchAction\",\"target\":{\"@type\":\"EntryPoint\",\"urlTemplate\":\"https:\\\/\\\/reimersholmehotel.se\\\/?s={search_term_string}\"},\"query-input\":{\"@type\":\"PropertyValueSpecification\",\"valueRequired\":true,\"valueName\":\"search_term_string\"}}],\"inLanguage\":\"en-US\"},{\"@type\":\"Organization\",\"@id\":\"https:\\\/\\\/reimersholmehotel.se\\\/#organization\",\"name\":\"Reimersholme Hotel\",\"url\":\"https:\\\/\\\/reimersholmehotel.se\\\/\",\"logo\":{\"@type\":\"ImageObject\",\"inLanguage\":\"en-US\",\"@id\":\"https:\\\/\\\/reimersholmehotel.se\\\/#\\\/schema\\\/logo\\\/image\\\/\",\"url\":\"https:\\\/\\\/reimersholmehotel.se\\\/wp-content\\\/uploads\\\/2023\\\/05\\\/RhH_3D_logo_350x244.png\",\"contentUrl\":\"https:\\\/\\\/reimersholmehotel.se\\\/wp-content\\\/uploads\\\/2023\\\/05\\\/RhH_3D_logo_350x244.png\",\"width\":350,\"height\":244,\"caption\":\"Reimersholme Hotel\"},\"image\":{\"@id\":\"https:\\\/\\\/reimersholmehotel.se\\\/#\\\/schema\\\/logo\\\/image\\\/\"},\"sameAs\":[\"https:\\\/\\\/www.facebook.com\\\/Reimersholmehotel\",\"https:\\\/\\\/www.instagram.com\\\/reimersholmehotel\\\/\"]}]}<\/script>\n<!-- \/ Yoast SEO plugin. -->","yoast_head_json":{"title":"RESTAURANT - Reimersholme Hotel","description":"Reimersholme Hotel Restaurang i Stockholm bjuder p\u00e5 en avslappnad och livlig atmosf\u00e4r med levande ljus och varm st\u00e4mning. Menyn inneh\u00e5ller klassiker som risotto, moules frites, fisk och hantverkskorv med potatismos, samt veckans r\u00e4tt och fr\u00e4scha sallader. Ekologiskt vinsortiment.","robots":{"index":"index","follow":"follow","max-snippet":"max-snippet:-1","max-image-preview":"max-image-preview:large","max-video-preview":"max-video-preview:-1"},"canonical":"https:\/\/reimersholmehotel.se\/en\/restaurang\/","og_locale":"en_US","og_type":"article","og_title":"RESTAURANT - Reimersholme Hotel","og_description":"Reimersholme Hotel Restaurang i Stockholm bjuder p\u00e5 en avslappnad och livlig atmosf\u00e4r med levande ljus och varm st\u00e4mning. Menyn inneh\u00e5ller klassiker som risotto, moules frites, fisk och hantverkskorv med potatismos, samt veckans r\u00e4tt och fr\u00e4scha sallader. Ekologiskt vinsortiment.","og_url":"https:\/\/reimersholmehotel.se\/en\/restaurang\/","og_site_name":"Reimersholme Hotel","article_publisher":"https:\/\/www.facebook.com\/Reimersholmehotel","article_modified_time":"2026-05-04T12:55:00+00:00","og_image":[{"width":2560,"height":1707,"url":"https:\/\/reimersholmehotel.se\/wp-content\/uploads\/2023\/08\/reimersholme-hotel-8302-scaled.jpg","type":"image\/jpeg"}],"twitter_card":"summary_large_image","twitter_misc":{"Est. reading time":"1 minute"},"schema":{"@context":"https:\/\/schema.org","@graph":[{"@type":"WebPage","@id":"https:\/\/reimersholmehotel.se\/en\/restaurang\/","url":"https:\/\/reimersholmehotel.se\/en\/restaurang\/","name":"RESTAURANT - Reimersholme Hotel","isPartOf":{"@id":"https:\/\/reimersholmehotel.se\/#website"},"primaryImageOfPage":{"@id":"https:\/\/reimersholmehotel.se\/en\/restaurang\/#primaryimage"},"image":{"@id":"https:\/\/reimersholmehotel.se\/en\/restaurang\/#primaryimage"},"thumbnailUrl":"https:\/\/reimersholmehotel.se\/wp-content\/uploads\/2023\/08\/reimersholme-hotel-8302-scaled.jpg","datePublished":"2023-05-15T19:19:16+00:00","dateModified":"2026-05-04T12:55:00+00:00","description":"Reimersholme Hotel Restaurang i Stockholm bjuder p\u00e5 en avslappnad och livlig atmosf\u00e4r med levande ljus och varm st\u00e4mning. Menyn inneh\u00e5ller klassiker som risotto, moules frites, fisk och hantverkskorv med potatismos, samt veckans r\u00e4tt och fr\u00e4scha sallader. Ekologiskt vinsortiment.","breadcrumb":{"@id":"https:\/\/reimersholmehotel.se\/en\/restaurang\/#breadcrumb"},"inLanguage":"en-US","potentialAction":[{"@type":"ReadAction","target":["https:\/\/reimersholmehotel.se\/en\/restaurang\/"]}]},{"@type":"ImageObject","inLanguage":"en-US","@id":"https:\/\/reimersholmehotel.se\/en\/restaurang\/#primaryimage","url":"https:\/\/reimersholmehotel.se\/wp-content\/uploads\/2023\/08\/reimersholme-hotel-8302-scaled.jpg","contentUrl":"https:\/\/reimersholmehotel.se\/wp-content\/uploads\/2023\/08\/reimersholme-hotel-8302-scaled.jpg","width":2560,"height":1707,"caption":"Reimersholme hotel, Stockholm. Sweden."},{"@type":"BreadcrumbList","@id":"https:\/\/reimersholmehotel.se\/en\/restaurang\/#breadcrumb","itemListElement":[{"@type":"ListItem","position":1,"name":"Hem","item":"https:\/\/reimersholmehotel.se\/en\/"},{"@type":"ListItem","position":2,"name":"RESTAURANT"}]},{"@type":"WebSite","@id":"https:\/\/reimersholmehotel.se\/#website","url":"https:\/\/reimersholmehotel.se\/","name":"Reimersholme Hotel","description":"","publisher":{"@id":"https:\/\/reimersholmehotel.se\/#organization"},"potentialAction":[{"@type":"SearchAction","target":{"@type":"EntryPoint","urlTemplate":"https:\/\/reimersholmehotel.se\/?s={search_term_string}"},"query-input":{"@type":"PropertyValueSpecification","valueRequired":true,"valueName":"search_term_string"}}],"inLanguage":"en-US"},{"@type":"Organization","@id":"https:\/\/reimersholmehotel.se\/#organization","name":"Reimersholme Hotel","url":"https:\/\/reimersholmehotel.se\/","logo":{"@type":"ImageObject","inLanguage":"en-US","@id":"https:\/\/reimersholmehotel.se\/#\/schema\/logo\/image\/","url":"https:\/\/reimersholmehotel.se\/wp-content\/uploads\/2023\/05\/RhH_3D_logo_350x244.png","contentUrl":"https:\/\/reimersholmehotel.se\/wp-content\/uploads\/2023\/05\/RhH_3D_logo_350x244.png","width":350,"height":244,"caption":"Reimersholme Hotel"},"image":{"@id":"https:\/\/reimersholmehotel.se\/#\/schema\/logo\/image\/"},"sameAs":["https:\/\/www.facebook.com\/Reimersholmehotel","https:\/\/www.instagram.com\/reimersholmehotel\/"]}]}},"_links":{"self":[{"href":"https:\/\/reimersholmehotel.se\/en\/wp-json\/wp\/v2\/pages\/2771","targetHints":{"allow":["GET"]}}],"collection":[{"href":"https:\/\/reimersholmehotel.se\/en\/wp-json\/wp\/v2\/pages"}],"about":[{"href":"https:\/\/reimersholmehotel.se\/en\/wp-json\/wp\/v2\/types\/page"}],"author":[{"embeddable":true,"href":"https:\/\/reimersholmehotel.se\/en\/wp-json\/wp\/v2\/users\/1"}],"replies":[{"embeddable":true,"href":"https:\/\/reimersholmehotel.se\/en\/wp-json\/wp\/v2\/comments?post=2771"}],"version-history":[{"count":39,"href":"https:\/\/reimersholmehotel.se\/en\/wp-json\/wp\/v2\/pages\/2771\/revisions"}],"predecessor-version":[{"id":6227,"href":"https:\/\/reimersholmehotel.se\/en\/wp-json\/wp\/v2\/pages\/2771\/revisions\/6227"}],"wp:featuredmedia":[{"embeddable":true,"href":"https:\/\/reimersholmehotel.se\/en\/wp-json\/wp\/v2\/media\/1765"}],"wp:attachment":[{"href":"https:\/\/reimersholmehotel.se\/en\/wp-json\/wp\/v2\/media?parent=2771"}],"curies":[{"name":"wp","href":"https:\/\/api.w.org\/{rel}","templated":true}]}}